{"id":58,"date":"2022-01-27T21:56:07","date_gmt":"2022-01-27T21:56:07","guid":{"rendered":"https:\/\/www.samariterbreitenbach.ch\/?page_id=58"},"modified":"2026-03-12T08:05:21","modified_gmt":"2026-03-12T08:05:21","slug":"jahresprogramm","status":"publish","type":"page","link":"https:\/\/www.samariterbreitenbach.ch\/index.php\/jahresprogramm\/","title":{"rendered":"Jahresprogramm"},"content":{"rendered":"<p>[et_pb_section fb_built=&#8220;1&#8243; _builder_version=&#8220;4.18.0&#8243; _module_preset=&#8220;default&#8220; global_colors_info=&#8220;{}&#8220;][et_pb_row admin_label=&#8220;Titel&#8220; _builder_version=&#8220;4.18.0&#8243; _module_preset=&#8220;default&#8220; global_colors_info=&#8220;{}&#8220;][et_pb_column type=&#8220;4_4&#8243; _builder_version=&#8220;4.18.0&#8243; _module_preset=&#8220;default&#8220; global_colors_info=&#8220;{}&#8220;][et_pb_text _builder_version=&#8220;4.18.0&#8243; _module_preset=&#8220;default&#8220; text_text_color=&#8220;#000000&#8243; header_font=&#8220;Acme||||||||&#8220; header_text_color=&#8220;#000000&#8243; global_colors_info=&#8220;{}&#8220;]<\/p>\n<h1>Jahresprogramm 2026<\/h1>\n<p>[\/et_pb_text][et_pb_divider color=&#8220;#000000&#8243; _builder_version=&#8220;4.18.0&#8243; _module_preset=&#8220;default&#8220; global_colors_info=&#8220;{}&#8220;][\/et_pb_divider][et_pb_text _builder_version=&#8220;4.18.0&#8243; _module_preset=&#8220;default&#8220; header_font=&#8220;|700|||||||&#8220; header_2_font_size=&#8220;20px&#8220; global_colors_info=&#8220;{}&#8220;][\/et_pb_text][\/et_pb_column][\/et_pb_row][et_pb_row admin_label=&#8220;Tabelle Daten&#8220; _builder_version=&#8220;4.18.0&#8243; _module_preset=&#8220;default&#8220; custom_padding=&#8220;0px|||||&#8220; global_colors_info=&#8220;{}&#8220;][et_pb_column type=&#8220;4_4&#8243; _builder_version=&#8220;4.18.0&#8243; _module_preset=&#8220;default&#8220; global_colors_info=&#8220;{}&#8220;][et_pb_text _builder_version=&#8220;4.18.0&#8243; _module_preset=&#8220;default&#8220; header_5_text_align=&#8220;left&#8220; header_5_text_color=&#8220;#E02B20&#8243; header_5_font_size=&#8220;14px&#8220; header_5_line_height=&#8220;1.7em&#8220; header_6_font=&#8220;|700|||||||&#8220; header_6_font_size=&#8220;20px&#8220; hover_enabled=&#8220;0&#8243; global_colors_info=&#8220;{}&#8220; sticky_enabled=&#8220;0&#8243;]<\/p>\n<table style=\"border-collapse: collapse; width: 100%; height: 482px;\" border=\"1\">\n<thead>\n<tr style=\"background-color: #4ab5f7; border-color: #ffffff;\">\n<td style=\"width: 14.601%; border-style: none; height: 89px;\" width=\"104\">\n<h6><strong>Datum<\/strong><\/h6>\n<\/td>\n<td style=\"width: 15.2801%; border-style: none; height: 89px;\" width=\"104\">\n<h6><strong>Tag<\/strong><\/h6>\n<\/td>\n<td style=\"width: 33.9559%; border-style: none; height: 89px;\" width=\"246\">\n<h6><strong>Anlass\/Themen<\/strong><\/h6>\n<\/td>\n<td style=\"width: 19.3548%; border-style: none; height: 89px;\" width=\"132\">\n<h6><strong>Lokal<\/strong><\/h6>\n<\/td>\n<td style=\"width: 16.4686%; border-style: none; height: 89px;\" width=\"104\">\n<h6><strong>Ort<\/strong><\/h6>\n<\/td>\n<\/tr>\n<\/thead>\n<tbody>\n<tr style=\"height: 23px;\">\n<td style=\"width: 14.601%; border-style: none; height: 23px; font-color: #e02b20;\" width=\"104\"><em>07. Jan *<\/em><\/td>\n<td style=\"width: 15.2801%; border-style: none; height: 23px;\" width=\"104\"><em>Mittwoch<\/em><\/td>\n<td style=\"width: 33.9559%; border-style: none; height: 23px;\" width=\"246\"><em>Alles kalt<\/em><\/td>\n<td style=\"width: 19.3548%; border-style: none; height: 23px;\" width=\"132\"><em>B\u00fcrgersaal<\/em><\/td>\n<td style=\"width: 16.4686%; border-style: none; height: 23px;\" width=\"104\"><em>Breitenbach<\/em><\/td>\n<\/tr>\n<tr style=\"background-color: #e1e1e1; height: 23px;\">\n<td style=\"width: 14.601%; border-style: none; height: 23px;\" width=\"104\"><em>11. Feb *<\/em><\/td>\n<td style=\"width: 15.2801%; border-style: none; height: 23px;\" width=\"104\"><em>Mittwoch<\/em><\/td>\n<td style=\"width: 33.9559%; border-style: none; height: 23px;\" width=\"246\"><em>Quiz Zeit<\/em><\/td>\n<td style=\"width: 19.3548%; border-style: none; height: 23px;\" width=\"132\"><em>B\u00fcrgersaal<\/em><\/td>\n<td style=\"width: 16.4686%; border-style: none; height: 23px;\" width=\"104\"><em>Breitenbach<\/em><\/td>\n<\/tr>\n<tr>\n<td style=\"width: 14.601%; border-style: none;\"><em>10. Mrz *<\/em><\/td>\n<td style=\"width: 15.2801%; border-style: none;\"><em>Dienstag<\/em><\/td>\n<td style=\"width: 33.9559%; border-style: none;\"><em><span style=\"color: #ff0000;\"><strong>Blutspenden<\/strong><\/span><\/em><\/td>\n<td style=\"width: 19.3548%; border-style: none;\"><em>MZH Grien<\/em><\/td>\n<td style=\"width: 16.4686%; border-style: none;\"><em>Breitenbach<\/em><\/td>\n<\/tr>\n<tr style=\"height: 23px; background-color: #e1e1e1;\">\n<td style=\"width: 14.601%; border-style: none; height: 23px;\" width=\"104\">20. Mrz<\/td>\n<td style=\"width: 15.2801%; border-style: none; height: 23px;\" width=\"104\">Freitag<\/td>\n<td style=\"width: 33.9559%; border-style: none; height: 23px;\" width=\"246\">GV<\/td>\n<td style=\"width: 19.3548%; border-style: none; height: 23px;\" width=\"132\">Rest. Traube<\/td>\n<td style=\"width: 16.4686%; border-style: none; height: 23px;\" width=\"104\">B\u00fcsserach<\/td>\n<\/tr>\n<tr style=\"height: 47px;\">\n<td style=\"width: 14.601%; border-style: none; height: 47px;\" width=\"104\">15. Apr *<\/td>\n<td style=\"width: 15.2801%; border-style: none; height: 47px;\" width=\"104\">Mittwoch<\/td>\n<td style=\"width: 33.9559%; border-style: none; height: 47px;\" width=\"246\">Postendienst (-material) &amp; Verb\u00e4nde<\/td>\n<td style=\"width: 19.3548%; border-style: none; height: 47px;\" width=\"132\">B\u00fcrgersaal<\/td>\n<td style=\"width: 16.4686%; border-style: none; height: 47px;\" width=\"104\">Breitenbach<\/td>\n<\/tr>\n<tr style=\"height: 23px; background-color: #e1e1e1;\">\n<td style=\"width: 14.601%; border-style: none; height: 23px;\" width=\"104\">?. Mai *<\/td>\n<td style=\"width: 15.2801%; border-style: none; height: 23px;\" width=\"104\">Mittwoch<\/td>\n<td style=\"width: 33.9559%; border-style: none; height: 23px;\" width=\"246\">Alarm<strong><\/strong><span style=\"color: #188e33;\"><strong><br \/><\/strong><\/span><\/td>\n<td style=\"width: 19.3548%; border-style: none; height: 23px;\" width=\"132\"><\/td>\n<td style=\"width: 16.4686%; border-style: none; height: 23px;\" width=\"104\">Beinwil<\/td>\n<\/tr>\n<tr style=\"height: 23px;\">\n<td style=\"width: 14.601%; border-style: none; height: 23px;\" width=\"104\">25. Mai<\/td>\n<td style=\"width: 15.2801%; border-style: none; height: 23px;\" width=\"104\">Montag<\/td>\n<td style=\"width: 33.9559%; border-style: none; height: 23px;\" width=\"246\">Posten am Pfingstmarkt \/ Kaffeestube<\/td>\n<td style=\"width: 19.3548%; border-style: none; height: 23px;\" width=\"132\">B\u00fcrgersaal \/ Pfareisaal<\/td>\n<td style=\"width: 16.4686%; border-style: none; height: 23px;\" width=\"104\">Breitenbach<\/td>\n<\/tr>\n<tr style=\"height: 23px; background-color: #e1e1e1;\">\n<td style=\"width: 14.601%; border-style: none; height: 23px;\" width=\"104\">19.\u00a0 Juni *<\/td>\n<td style=\"width: 15.2801%; border-style: none; height: 23px;\" width=\"104\">Freitag<\/td>\n<td style=\"width: 33.9559%; border-style: none; height: 23px;\" width=\"246\">Postenlauf und Grill<span style=\"color: #188e33;\"><span style=\"color: #000000;\"><br \/><\/span><\/span><\/td>\n<td style=\"width: 19.3548%; border-style: none; height: 23px;\" width=\"132\">Sch\u00fctzenhaus<\/td>\n<td style=\"width: 16.4686%; border-style: none; height: 23px;\" width=\"104\">Breitenbach<\/td>\n<\/tr>\n<tr style=\"height: 23px;\">\n<td style=\"width: 14.601%; border-style: none; height: 23px;\" width=\"104\">11. Aug<\/td>\n<td style=\"width: 15.2801%; border-style: none; height: 23px;\" width=\"104\">Diestag<\/td>\n<td style=\"width: 33.9559%; border-style: none; height: 23px;\" width=\"246\"><strong><span style=\"color: #ff0000;\">Blutspenden<\/span><\/strong><\/td>\n<td style=\"width: 19.3548%; border-style: none; height: 23px;\" width=\"132\">MZH Grien<\/td>\n<td style=\"width: 16.4686%; border-style: none; height: 23px;\" width=\"104\">Breitenbach<\/td>\n<\/tr>\n<tr style=\"height: 23px; background-color: #e1e1e1;\">\n<td style=\"width: 14.601%; border-style: none; height: 23px;\" width=\"104\">19. Aug<\/td>\n<td style=\"width: 15.2801%; border-style: none; height: 23px;\" width=\"104\">Mittwoch<\/td>\n<td style=\"width: 33.9559%; border-style: none; height: 23px;\" width=\"246\">Samariter-Sammlung<\/td>\n<td style=\"width: 19.3548%; border-style: none; height: 23px;\" width=\"132\">B\u00fcrgersaal<\/td>\n<td style=\"width: 16.4686%; border-style: none; height: 23px;\" width=\"104\">Breitenbach<\/td>\n<\/tr>\n<tr style=\"height: 23px;\">\n<td style=\"width: 14.601%; border-style: none; height: 23px;\" width=\"104\">09. Sept *<\/td>\n<td style=\"width: 15.2801%; border-style: none; height: 23px;\" width=\"104\">Mittwoch<\/td>\n<td style=\"width: 33.9559%; border-style: none; height: 23px;\" width=\"246\">Verkehrsunfall<\/td>\n<td style=\"width: 19.3548%; border-style: none; height: 23px;\" width=\"132\">B\u00fcrgerstube<\/td>\n<td style=\"width: 16.4686%; border-style: none; height: 23px;\" width=\"104\">Breitenbach<\/td>\n<\/tr>\n<tr style=\"height: 23px; background-color: #e1e1e1;\">\n<td style=\"width: 14.601%; border-style: none; height: 23px;\" width=\"104\">28. Okt *<\/td>\n<td style=\"width: 15.2801%; border-style: none; height: 23px;\" width=\"104\">Mittwoch<\/td>\n<td style=\"width: 33.9559%; border-style: none; height: 23px;\" width=\"246\">Arztvortrag<\/td>\n<td style=\"width: 19.3548%; border-style: none; height: 23px;\" width=\"132\">Aula Breitgarten<\/td>\n<td style=\"width: 16.4686%; border-style: none; height: 23px;\" width=\"104\">Breitenbach<\/td>\n<\/tr>\n<tr style=\"height: 23px;\">\n<td style=\"width: 14.601%; border-style: none; height: 23px;\" width=\"104\">07. Nov<\/td>\n<td style=\"width: 15.2801%; border-style: none; height: 23px;\" width=\"104\">Samstag<\/td>\n<td style=\"width: 33.9559%; border-style: none; height: 23px;\" width=\"246\">Posten am Martini-Markt<\/td>\n<td style=\"width: 19.3548%; border-style: none; height: 23px;\" width=\"132\">Gemeindehaus<\/td>\n<td style=\"width: 16.4686%; border-style: none; height: 23px;\" width=\"104\">Breitenbach<\/td>\n<\/tr>\n<tr style=\"height: 24px; background-color: #e1e1e1;\">\n<td style=\"width: 14.601%; border-style: none; height: 24px;\">11. Nov *<\/td>\n<td style=\"width: 15.2801%; border-style: none; height: 24px;\">Mittwoch<\/td>\n<td style=\"width: 33.9559%; border-style: none; height: 24px;\">Naturheilkunde<\/td>\n<td style=\"width: 19.3548%; border-style: none; height: 24px;\">B\u00fcrgersaal<\/td>\n<td style=\"width: 16.4686%; border-style: none; height: 24px;\">Breitenbach<\/td>\n<\/tr>\n<tr style=\"height: 23px;\">\n<td style=\"width: 14.601%; border-style: none; height: 23px;\" width=\"104\">01. Dez<\/td>\n<td style=\"width: 15.2801%; border-style: none; height: 23px;\" width=\"104\">Dienstag<\/td>\n<td style=\"width: 33.9559%; border-style: none; height: 23px;\" width=\"246\"><span style=\"color: #e02b20;\"><strong>Blutspenden<\/strong><\/span><\/td>\n<td style=\"width: 19.3548%; border-style: none; height: 23px;\" width=\"132\">MZH Grien<\/td>\n<td style=\"width: 16.4686%; border-style: none; height: 23px;\" width=\"104\">Breitenbach<\/td>\n<\/tr>\n<tr style=\"height: 23px; background-color: #e1e1e1;\">\n<td style=\"width: 14.601%; border-style: none; height: 23px;\" width=\"104\">11. Dez *<\/td>\n<td style=\"width: 15.2801%; border-style: none; height: 23px;\" width=\"104\">Freitag<\/td>\n<td style=\"width: 33.9559%; border-style: none; height: 23px;\" width=\"246\">Adventfeier<\/td>\n<td style=\"width: 19.3548%; border-style: none; height: 23px;\" width=\"132\">B\u00fcrgersaal<\/td>\n<td style=\"width: 16.4686%; border-style: none; height: 23px;\" width=\"104\">Breitenbach<\/td>\n<\/tr>\n<\/tbody>\n<\/table>\n<p>[\/et_pb_text][\/et_pb_column][\/et_pb_row][\/et_pb_section]<\/p>\n","protected":false},"excerpt":{"rendered":"<p>Jahresprogramm 2026 Datum Tag Anlass\/Themen Lokal Ort 07. Jan * Mittwoch Alles kalt B\u00fcrgersaal Breitenbach 11. Feb * Mittwoch Quiz Zeit B\u00fcrgersaal Breitenbach 10. Mrz * Dienstag Blutspenden MZH Grien Breitenbach 20. Mrz Freitag GV Rest. Traube B\u00fcsserach 15. Apr * Mittwoch Postendienst (-material) &amp; Verb\u00e4nde B\u00fcrgersaal Breitenbach ?. Mai * Mittwoch Alarm Beinwil 25. [&hellip;]<\/p>\n","protected":false},"author":1,"featured_media":0,"parent":0,"menu_order":0,"comment_status":"closed","ping_status":"closed","template":"","meta":{"_et_pb_use_builder":"on","_et_pb_old_content":"","_et_gb_content_width":"","footnotes":""},"class_list":["post-58","page","type-page","status-publish","hentry"],"_links":{"self":[{"href":"https:\/\/www.samariterbreitenbach.ch\/index.php\/wp-json\/wp\/v2\/pages\/58","targetHints":{"allow":["GET"]}}],"collection":[{"href":"https:\/\/www.samariterbreitenbach.ch\/index.php\/wp-json\/wp\/v2\/pages"}],"about":[{"href":"https:\/\/www.samariterbreitenbach.ch\/index.php\/wp-json\/wp\/v2\/types\/page"}],"author":[{"embeddable":true,"href":"https:\/\/www.samariterbreitenbach.ch\/index.php\/wp-json\/wp\/v2\/users\/1"}],"replies":[{"embeddable":true,"href":"https:\/\/www.samariterbreitenbach.ch\/index.php\/wp-json\/wp\/v2\/comments?post=58"}],"version-history":[{"count":50,"href":"https:\/\/www.samariterbreitenbach.ch\/index.php\/wp-json\/wp\/v2\/pages\/58\/revisions"}],"predecessor-version":[{"id":1104,"href":"https:\/\/www.samariterbreitenbach.ch\/index.php\/wp-json\/wp\/v2\/pages\/58\/revisions\/1104"}],"wp:attachment":[{"href":"https:\/\/www.samariterbreitenbach.ch\/index.php\/wp-json\/wp\/v2\/media?parent=58"}],"curies":[{"name":"wp","href":"https:\/\/api.w.org\/{rel}","templated":true}]}}