{"id":51,"date":"2022-01-27T21:31:54","date_gmt":"2022-01-27T21:31:54","guid":{"rendered":"https:\/\/www.samariterbreitenbach.ch\/?page_id=51"},"modified":"2025-06-09T08:52:02","modified_gmt":"2025-06-09T08:52:02","slug":"nothelferkurse","status":"publish","type":"page","link":"https:\/\/www.samariterbreitenbach.ch\/index.php\/nothelferkurse\/","title":{"rendered":"Nothilfekurs"},"content":{"rendered":"<p>[et_pb_section fb_built=&#8220;1&#8243; _builder_version=&#8220;4.18.0&#8243; _module_preset=&#8220;default&#8220; global_colors_info=&#8220;{}&#8220;][et_pb_row admin_label=&#8220;Titel&#8220; _builder_version=&#8220;4.18.0&#8243; _module_preset=&#8220;default&#8220; global_colors_info=&#8220;{}&#8220;][et_pb_column type=&#8220;4_4&#8243; _builder_version=&#8220;4.18.0&#8243; _module_preset=&#8220;default&#8220; global_colors_info=&#8220;{}&#8220;][et_pb_text _builder_version=&#8220;4.18.0&#8243; _module_preset=&#8220;default&#8220; text_text_color=&#8220;#000000&#8243; header_font=&#8220;Acme||||||||&#8220; header_text_color=&#8220;#000000&#8243; custom_padding=&#8220;10px|||||&#8220; global_colors_info=&#8220;{}&#8220;]<\/p>\n<h1>Nothilfekurs 2025<\/h1>\n<p>[\/et_pb_text][et_pb_image src=&#8220;https:\/\/www.samariterbreitenbach.ch\/wp-content\/uploads\/2024\/01\/Nothilfekurs_1.jpg&#8220; title_text=&#8220;Nothilfekurs_1&#8243; _builder_version=&#8220;4.18.0&#8243; _module_preset=&#8220;default&#8220; custom_margin=&#8220;-17px|||||&#8220; global_colors_info=&#8220;{}&#8220;][\/et_pb_image][et_pb_text _builder_version=&#8220;4.18.0&#8243; _module_preset=&#8220;default&#8220; text_font=&#8220;Montserrat||||||||&#8220; header_font=&#8220;|700|||||||&#8220; header_2_font_size=&#8220;20px&#8220; global_colors_info=&#8220;{}&#8220;]<\/p>\n<h2><strong>Der obligatorische Erste-Hilfekurs f\u00fcr F\u00fchrerausweiserwerbende<\/strong><\/h2>\n<p>Im Nothilfekurs &#8211; auch als Norhelferkurs bekannt &#8211; erlernen Sie lebensrettende Sofortmassnahmen. Diese erm\u00f6glichen es Ihnen, bei Verkehrsunf\u00e4llen sicher Erste Hilfe zu leisten und bei medizinischen Notf\u00e4llen die richtigen Massnahmen zu tressenn.<\/p>\n<p>Der Kurs ist f\u00fcr F\u00fchrerausweiserwerbende obligatorisch.<\/p>\n<p>[\/et_pb_text][et_pb_text _builder_version=&#8220;4.18.0&#8243; _module_preset=&#8220;default&#8220; hover_enabled=&#8220;0&#8243; sticky_enabled=&#8220;0&#8243;]<\/p>\n<p><strong style=\"box-sizing: border-box; margin: 0px; padding: 0px; border: 0px; outline: 0px; font-size: 23px; text-size-adjust: 100%; vertical-align: baseline; background: #ffffff; font-weight: bold; color: #e02b20; font-family: 'Open Sans', Arial, sans-serif; font-style: normal; font-variant-ligatures: normal; font-variant-caps: normal; letter-spacing: normal; orphans: 2; text-align: left; text-indent: 0px; text-transform: none; white-space: normal; widows: 2; word-spacing: 0px; -webkit-text-stroke-width: 0px; text-decoration-thickness: initial; text-decoration-style: initial; text-decoration-color: initial;\">Auf Anfrage bieten wir ab 8 Teilnehmern gerne weitere Kurs in Nothilfe f\u00fcr Zielgruppen wie<br style=\"box-sizing: border-box;\" \/>Firmen, <\/strong><strong style=\"box-sizing: border-box; margin: 0px; padding: 0px; border: 0px; outline: 0px; font-size: 23px; text-size-adjust: 100%; vertical-align: baseline; background: #ffffff; font-weight: bold; color: #e02b20; font-family: 'Open Sans', Arial, sans-serif; font-style: normal; font-variant-ligatures: normal; font-variant-caps: normal; letter-spacing: normal; orphans: 2; text-align: left; text-indent: 0px; text-transform: none; white-space: normal; widows: 2; word-spacing: 0px; -webkit-text-stroke-width: 0px; text-decoration-thickness: initial; text-decoration-style: initial; text-decoration-color: initial;\">Sportvereine, Schulen, Institutionen usw. an.<\/strong><\/p>\n<p>[\/et_pb_text][\/et_pb_column][\/et_pb_row][et_pb_row column_structure=&#8220;1_2,1_2&#8243; _builder_version=&#8220;4.18.0&#8243; _module_preset=&#8220;default&#8220; min_height=&#8220;247.6px&#8220; global_colors_info=&#8220;{}&#8220;][et_pb_column type=&#8220;1_2&#8243; _builder_version=&#8220;4.18.0&#8243; _module_preset=&#8220;default&#8220; global_colors_info=&#8220;{}&#8220;][et_pb_text _builder_version=&#8220;4.18.0&#8243; _module_preset=&#8220;default&#8220; text_font=&#8220;Montserrat|600|||||||&#8220; background_color=&#8220;#549CA5&#8243; custom_margin=&#8220;|-21px|||false|false&#8220; custom_padding=&#8220;||0px||false|false&#8220; global_colors_info=&#8220;{}&#8220;]<\/p>\n<p>&#8230;<\/p>\n<table style=\"border-collapse: collapse; width: 100%;\" border=\"1\">\n<tbody>\n<tr>\n<td style=\"width: 50%;\"><span style=\"color: #ffffff;\"><strong><span style=\"font-size: large;\">Kursdaten<\/span>:<\/strong><\/span><\/td>\n<td style=\"width: 50%;\"><\/td>\n<\/tr>\n<tr>\n<td style=\"width: 50%;\"><span style=\"color: #ffffff;\">Datum:<\/span><\/td>\n<td style=\"width: 50%;\"><span style=\"color: #ffffff;\">Datum folgt&#8230;<br \/><\/span><\/td>\n<\/tr>\n<tr>\n<td style=\"width: 50%;\"><span style=\"color: #ffffff;\">Zeit:<\/span><\/td>\n<td style=\"width: 50%;\"><span style=\"color: #ffffff;\">Zeiten folgen&#8230;<br \/><\/span><\/td>\n<\/tr>\n<tr>\n<td style=\"width: 50%;\"><span style=\"color: #ffffff;\">Ort:<\/span><\/td>\n<td style=\"width: 50%;\"><span style=\"color: #ffffff;\">B\u00fcrgerstube, Fehrenstrasse 3, Breitenbach<br \/><\/span><\/td>\n<\/tr>\n<tr>\n<td style=\"width: 50%;\"><span style=\"color: #ffffff;\">Kosten Einzelperson:<\/span><\/td>\n<td style=\"width: 50%;\"><span style=\"color: #ffffff;\">CHF 140.-<\/span><\/td>\n<\/tr>\n<\/tbody>\n<\/table>\n<p><strong>\u00a0<\/strong><\/p>\n<p>[\/et_pb_text][\/et_pb_column][et_pb_column type=&#8220;1_2&#8243; _builder_version=&#8220;4.18.0&#8243; _module_preset=&#8220;default&#8220; global_colors_info=&#8220;{}&#8220;][et_pb_button button_url=&#8220;https:\/\/www.samariterbreitenbach.ch\/wp-content\/uploads\/2024\/05\/Flyer_Nothilfe-21.06.2024.pdf&#8220; url_new_window=&#8220;on&#8220; button_text=&#8220;Download Flyer alt&#8220; button_alignment=&#8220;left&#8220; disabled_on=&#8220;on|on|on&#8220; _builder_version=&#8220;4.18.0&#8243; _module_preset=&#8220;default&#8220; custom_button=&#8220;on&#8220; button_text_color=&#8220;#FFFFFF&#8220; button_bg_color=&#8220;#E02B20&#8243; disabled=&#8220;on&#8220; global_colors_info=&#8220;{}&#8220;][\/et_pb_button][et_pb_button button_text=&#8220;Download Faltblatt Samariter Schweiz (folgt&#8230;)&#8220; button_alignment=&#8220;left&#8220; _builder_version=&#8220;4.18.0&#8243; _module_preset=&#8220;default&#8220; custom_button=&#8220;on&#8220; button_text_color=&#8220;#FFFFFF&#8220; button_bg_color=&#8220;#E02B20&#8243; global_colors_info=&#8220;{}&#8220;][\/et_pb_button][et_pb_button button_url=&#8220;https:\/\/www.samariterbreitenbach.ch\/index.php\/kurse\/#kurslokal&#8220; url_new_window=&#8220;on&#8220; button_text=&#8220;Link zum Kurslokal&#8220; button_alignment=&#8220;left&#8220; _builder_version=&#8220;4.18.0&#8243; _module_preset=&#8220;default&#8220; custom_button=&#8220;on&#8220; button_text_color=&#8220;#FFFFFF&#8220; button_bg_color=&#8220;#E02B20&#8243; global_colors_info=&#8220;{}&#8220;][\/et_pb_button][\/et_pb_column][\/et_pb_row][et_pb_row admin_label=&#8220;Anmeldung Kurse&#8220; _builder_version=&#8220;4.18.0&#8243; _module_preset=&#8220;default&#8220; global_colors_info=&#8220;{}&#8220;][et_pb_column type=&#8220;4_4&#8243; _builder_version=&#8220;4.18.0&#8243; _module_preset=&#8220;default&#8220; global_colors_info=&#8220;{}&#8220;][et_pb_text _builder_version=&#8220;4.18.0&#8243; _module_preset=&#8220;default&#8220; header_6_font=&#8220;|700|||||||&#8220; header_6_text_align=&#8220;center&#8220; header_6_font_size=&#8220;20px&#8220; text_orientation=&#8220;center&#8220; global_colors_info=&#8220;{}&#8220;]<\/p>\n<h6>Anmeldung:<\/h6>\n<p>Tel. +41 79 606 15 80<br \/>oder<br \/><a href=\"mailto:kursleitung@samariterbreitenbach.ch\">kursleitung@samariterbreitenbach.ch<\/a><\/p>\n<p>&nbsp;<\/p>\n<p>[\/et_pb_text][\/et_pb_column][\/et_pb_row][et_pb_row _builder_version=&#8220;4.18.0&#8243; _module_preset=&#8220;default&#8220; global_colors_info=&#8220;{}&#8220;][et_pb_column type=&#8220;4_4&#8243; _builder_version=&#8220;4.18.0&#8243; _module_preset=&#8220;default&#8220; global_colors_info=&#8220;{}&#8220;][et_pb_text _builder_version=&#8220;4.18.0&#8243; _module_preset=&#8220;default&#8220; text_font=&#8220;Montserrat||||||||&#8220; global_colors_info=&#8220;{}&#8220;]<\/p>\n<h2><strong><span style=\"color: #ff0000;\">Nothilfekurs<\/span><\/strong><\/h2>\n<p>[\/et_pb_text][et_pb_text _builder_version=&#8220;4.18.0&#8243; _module_preset=&#8220;default&#8220; header_font=&#8220;|700|||||||&#8220; header_2_font_size=&#8220;20px&#8220; global_colors_info=&#8220;{}&#8220;]<\/p>\n<h2><strong>Im Nothilfekurs &#8211; auch als Nothelferkurs bekannt &#8211; erlernen Sie lebensrettende Sofortmassnahen<\/strong><\/h2>\n<p>Diese erm\u00f6glichen es Ihnen, bei Verkehrsunf\u00e4llen sicher Erste Hilfe zu leisten und bei Medizinischen Notf\u00e4llen die richtigen Massnahemn zu treffen. Der Kurs ist f\u00fcr F\u00fchrerausweiserwerbende obligatorisch.<\/p>\n<p>[\/et_pb_text][\/et_pb_column][\/et_pb_row][et_pb_row _builder_version=&#8220;4.18.0&#8243; _module_preset=&#8220;default&#8220; background_color=&#8220;#BAD7DB&#8220; global_colors_info=&#8220;{}&#8220;][et_pb_column type=&#8220;4_4&#8243; _builder_version=&#8220;4.18.0&#8243; _module_preset=&#8220;default&#8220; global_colors_info=&#8220;{}&#8220;][et_pb_text _builder_version=&#8220;4.18.0&#8243; _module_preset=&#8220;default&#8220; text_font=&#8220;Montserrat||||||||&#8220; header_font=&#8220;|700|||||||&#8220; header_2_font_size=&#8220;20px&#8220; custom_margin=&#8220;|15px||15px|false|false&#8220; global_colors_info=&#8220;{}&#8220;]<\/p>\n<h2><strong>Kurs-Inhalt<\/strong><\/h2>\n<p>Auf abwechslungsreiche und spielerische Weise trainieren Sie in realistisch nachgestellten Szenen das sichere Verhalten nach einem Verkehrsunfall oder einem medizinischen Notfall. Der Kurs beinhaltet unter anderem folgende Themen::<\/p>\n<ul>\n<li>Verkehrsunfall<\/li>\n<li>gefahren nach einem Verkehrsunfall erkennen<\/li>\n<li>Alarmierung<\/li>\n<li>Patientenbeurteilung und weitere Massnahmen<\/li>\n<li>Reanimation, BLS-AED<br \/>&#8211; Atemnot<br \/>&#8211; Trauma<br \/>&#8211; Magen-Darm-Trakt<br \/>&#8211; Wiederbelebung<\/li>\n<\/ul>\n<p>Der Unterricht vermittelt auf einfache Art viel praktisches Wissen und basiert auf den aktuellsten Richtlinien f\u00fcr Erste Hilfe.<\/p>\n<p>&nbsp;<\/p>\n<h2><strong>Zielgruppe<\/strong><\/h2>\n<p>F\u00fchrerausweiserwerbende, aber auch Fahrzeuglenker, die ihr Erste-Hilfe-Wissen auffrischen m\u00f6chten.<\/p>\n<p>&nbsp;<\/p>\n<h2><strong>Voraussetzungen<\/strong><\/h2>\n<p>Keine<\/p>\n<p>&nbsp;<\/p>\n<h2><strong>Dauer<\/strong><\/h2>\n<p>10 Stunden<\/p>\n<p><strong><\/strong><\/p>\n<h2><strong><\/strong><\/h2>\n<h2><strong>Zertifikat<\/strong><\/h2>\n<p>Nach Abschluss des Kurses erhalten Sie das Kurs-Zertifikat <strong>Nothilfekurs<\/strong> (G\u00fcltigkeit 6 Jahre).<\/p>\n<p><strong><\/strong><\/p>\n<p>[\/et_pb_text][\/et_pb_column][\/et_pb_row][\/et_pb_section]<\/p>\n","protected":false},"excerpt":{"rendered":"<p>Nothilfekurs 2025Der obligatorische Erste-Hilfekurs f\u00fcr F\u00fchrerausweiserwerbende Im Nothilfekurs &#8211; auch als Norhelferkurs bekannt &#8211; erlernen Sie lebensrettende Sofortmassnahmen. Diese erm\u00f6glichen es Ihnen, bei Verkehrsunf\u00e4llen sicher Erste Hilfe zu leisten und bei medizinischen Notf\u00e4llen die richtigen Massnahmen zu tressenn. Der Kurs ist f\u00fcr F\u00fchrerausweiserwerbende obligatorisch.Auf Anfrage bieten wir ab 8 Teilnehmern gerne weitere Kurs in Nothilfe [&hellip;]<\/p>\n","protected":false},"author":1,"featured_media":0,"parent":0,"menu_order":0,"comment_status":"closed","ping_status":"closed","template":"","meta":{"_et_pb_use_builder":"on","_et_pb_old_content":"","_et_gb_content_width":"","footnotes":""},"class_list":["post-51","page","type-page","status-publish","hentry"],"_links":{"self":[{"href":"https:\/\/www.samariterbreitenbach.ch\/index.php\/wp-json\/wp\/v2\/pages\/51","targetHints":{"allow":["GET"]}}],"collection":[{"href":"https:\/\/www.samariterbreitenbach.ch\/index.php\/wp-json\/wp\/v2\/pages"}],"about":[{"href":"https:\/\/www.samariterbreitenbach.ch\/index.php\/wp-json\/wp\/v2\/types\/page"}],"author":[{"embeddable":true,"href":"https:\/\/www.samariterbreitenbach.ch\/index.php\/wp-json\/wp\/v2\/users\/1"}],"replies":[{"embeddable":true,"href":"https:\/\/www.samariterbreitenbach.ch\/index.php\/wp-json\/wp\/v2\/comments?post=51"}],"version-history":[{"count":43,"href":"https:\/\/www.samariterbreitenbach.ch\/index.php\/wp-json\/wp\/v2\/pages\/51\/revisions"}],"predecessor-version":[{"id":990,"href":"https:\/\/www.samariterbreitenbach.ch\/index.php\/wp-json\/wp\/v2\/pages\/51\/revisions\/990"}],"wp:attachment":[{"href":"https:\/\/www.samariterbreitenbach.ch\/index.php\/wp-json\/wp\/v2\/media?parent=51"}],"curies":[{"name":"wp","href":"https:\/\/api.w.org\/{rel}","templated":true}]}}