{"id":41,"date":"2022-01-27T21:27:46","date_gmt":"2022-01-27T21:27:46","guid":{"rendered":"https:\/\/www.samariterbreitenbach.ch\/?page_id=41"},"modified":"2025-06-09T08:34:06","modified_gmt":"2025-06-09T08:34:06","slug":"kontakt","status":"publish","type":"page","link":"https:\/\/www.samariterbreitenbach.ch\/index.php\/kontakt\/","title":{"rendered":"Kontakt"},"content":{"rendered":"<p>[et_pb_section fb_built=&#8220;1&#8243; _builder_version=&#8220;4.18.0&#8243; _module_preset=&#8220;default&#8220; global_colors_info=&#8220;{}&#8220;][et_pb_row admin_label=&#8220;Titel&#8220; _builder_version=&#8220;4.18.0&#8243; _module_preset=&#8220;default&#8220; global_colors_info=&#8220;{}&#8220;][et_pb_column type=&#8220;4_4&#8243; _builder_version=&#8220;4.18.0&#8243; _module_preset=&#8220;default&#8220; global_colors_info=&#8220;{}&#8220;][et_pb_text _builder_version=&#8220;4.18.0&#8243; _module_preset=&#8220;default&#8220; text_text_color=&#8220;#000000&#8243; header_font=&#8220;Acme||||||||&#8220; header_text_color=&#8220;#000000&#8243; module_alignment=&#8220;left&#8220; custom_margin=&#8220;||8px||false|false&#8220; global_colors_info=&#8220;{}&#8220;]<\/p>\n<h1>Kontakt<\/h1>\n<p>[\/et_pb_text][et_pb_divider color=&#8220;#000000&#8243; divider_weight=&#8220;2px&#8220; _builder_version=&#8220;4.18.0&#8243; _module_preset=&#8220;default&#8220; global_colors_info=&#8220;{}&#8220;][\/et_pb_divider][\/et_pb_column][\/et_pb_row][et_pb_row column_structure=&#8220;1_3,1_3,1_3&#8243; _builder_version=&#8220;4.18.0&#8243; _module_preset=&#8220;default&#8220; global_colors_info=&#8220;{}&#8220;][et_pb_column type=&#8220;1_3&#8243; _builder_version=&#8220;4.18.0&#8243; _module_preset=&#8220;default&#8220; global_colors_info=&#8220;{}&#8220;][et_pb_image src=&#8220;https:\/\/www.samariterbreitenbach.ch\/wp-content\/uploads\/2025\/06\/Susanne_1.jpeg&#8220; title_text=&#8220;Susanne_1&#8243; show_bottom_space=&#8220;off&#8220; _builder_version=&#8220;4.18.0&#8243; _module_preset=&#8220;default&#8220; custom_margin=&#8220;||10px||false|false&#8220; hover_enabled=&#8220;0&#8243; global_colors_info=&#8220;{}&#8220; sticky_enabled=&#8220;0&#8243;][\/et_pb_image][et_pb_text _builder_version=&#8220;4.18.0&#8243; _module_preset=&#8220;default&#8220; module_alignment=&#8220;left&#8220; min_height=&#8220;81.4px&#8220; custom_margin=&#8220;0px||0px||false|false&#8220; custom_padding=&#8220;0px||0px||false|false&#8220; global_colors_info=&#8220;{}&#8220;]<\/p>\n<p><strong>Pr\u00e4sidentin:<\/strong><br \/>Susanne L\u00fcdi<br \/>079 378 22 27<\/p>\n<p>&nbsp;<\/p>\n<p>[\/et_pb_text][\/et_pb_column][et_pb_column type=&#8220;1_3&#8243; _builder_version=&#8220;4.18.0&#8243; _module_preset=&#8220;default&#8220; global_colors_info=&#8220;{}&#8220;][et_pb_image src=&#8220;https:\/\/www.samariterbreitenbach.ch\/wp-content\/uploads\/2025\/06\/Brigitte_1.jpeg&#8220; title_text=&#8220;Brigitte_1&#8243; show_bottom_space=&#8220;off&#8220; _builder_version=&#8220;4.18.0&#8243; _module_preset=&#8220;default&#8220; custom_margin=&#8220;||10px||false|false&#8220; hover_enabled=&#8220;0&#8243; global_colors_info=&#8220;{}&#8220; sticky_enabled=&#8220;0&#8243;][\/et_pb_image][et_pb_text _builder_version=&#8220;4.18.0&#8243; _module_preset=&#8220;default&#8220; global_colors_info=&#8220;{}&#8220;]<\/p>\n<p><strong>Kursleitung:<\/strong><br \/>Brigitte Ankli<br \/>079 606 15 80<br \/>kursleitung@samariterbreitenbach<\/p>\n<p>[\/et_pb_text][\/et_pb_column][et_pb_column type=&#8220;1_3&#8243; _builder_version=&#8220;4.18.0&#8243; _module_preset=&#8220;default&#8220; global_colors_info=&#8220;{}&#8220;][\/et_pb_column][\/et_pb_row][et_pb_row admin_label=&#8220;Tabelle Daten&#8220; _builder_version=&#8220;4.18.0&#8243; _module_preset=&#8220;default&#8220; global_colors_info=&#8220;{}&#8220;][et_pb_column type=&#8220;4_4&#8243; _builder_version=&#8220;4.18.0&#8243; _module_preset=&#8220;default&#8220; global_colors_info=&#8220;{}&#8220;][et_pb_text _builder_version=&#8220;4.18.0&#8243; _module_preset=&#8220;default&#8220; header_6_font=&#8220;|700|||||||&#8220; header_6_font_size=&#8220;20px&#8220; global_colors_info=&#8220;{}&#8220;]<\/p>\n<table style=\"border-collapse: collapse; width: 100%; height: 191px;\" border=\"1\">\n<tbody>\n<tr>\n<td style=\"width: 10.6729%;\" width=\"104\">Susanne L\u00fcdi<\/td>\n<td style=\"width: 35.1775%;\" width=\"76\">Pr\u00e4sidentin<\/td>\n<td style=\"width: 1.79856%;\"><a href=\"mailto:praesidium@samariterbreitenbach.ch\">praesidium@samariterbreitenbach.ch<\/a><\/td>\n<td style=\"width: 32.0404%;\">079 378 22 27<\/td>\n<\/tr>\n<tr>\n<td style=\"width: 10.6729%;\" width=\"104\">Brigitte Ankli<\/td>\n<td style=\"width: 35.1775%;\" width=\"76\">Kursleitung<\/td>\n<td style=\"width: 1.79856%;\"><a href=\"mailto:kursleitung@samariterbreitenbach.ch\">kursleitung@samariterbreitenbach.ch<\/a><\/td>\n<td style=\"width: 32.0404%;\">079 606 15 80<\/td>\n<\/tr>\n<tr>\n<td style=\"width: 10.6729%;\">Evelyne Rieder<\/td>\n<td style=\"width: 35.1775%;\">Anfragen f\u00fcr Samariterdienst bei Anl\u00e4ssen<\/td>\n<td style=\"width: 1.79856%;\"><a href=\"mailto:postendienst@samariterbreitenbach.ch\">postendienst@samariterbreitenbach.ch<\/a><\/td>\n<td style=\"width: 32.0404%;\">&#8211;<\/td>\n<\/tr>\n<\/tbody>\n<\/table>\n<p>[\/et_pb_text][\/et_pb_column][\/et_pb_row][\/et_pb_section]<\/p>\n","protected":false},"excerpt":{"rendered":"<p>KontaktPr\u00e4sidentin:Susanne L\u00fcdi079 378 22 27 &nbsp;Kursleitung:Brigitte Ankli079 606 15 80kursleitung@samariterbreitenbach Susanne L\u00fcdi Pr\u00e4sidentin praesidium@samariterbreitenbach.ch 079 378 22 27 Brigitte Ankli Kursleitung kursleitung@samariterbreitenbach.ch 079 606 15 80 Evelyne Rieder Anfragen f\u00fcr Samariterdienst bei Anl\u00e4ssen postendienst@samariterbreitenbach.ch &#8211;<\/p>\n","protected":false},"author":1,"featured_media":0,"parent":0,"menu_order":0,"comment_status":"closed","ping_status":"closed","template":"","meta":{"_et_pb_use_builder":"on","_et_pb_old_content":"","_et_gb_content_width":"","footnotes":""},"class_list":["post-41","page","type-page","status-publish","hentry"],"_links":{"self":[{"href":"https:\/\/www.samariterbreitenbach.ch\/index.php\/wp-json\/wp\/v2\/pages\/41","targetHints":{"allow":["GET"]}}],"collection":[{"href":"https:\/\/www.samariterbreitenbach.ch\/index.php\/wp-json\/wp\/v2\/pages"}],"about":[{"href":"https:\/\/www.samariterbreitenbach.ch\/index.php\/wp-json\/wp\/v2\/types\/page"}],"author":[{"embeddable":true,"href":"https:\/\/www.samariterbreitenbach.ch\/index.php\/wp-json\/wp\/v2\/users\/1"}],"replies":[{"embeddable":true,"href":"https:\/\/www.samariterbreitenbach.ch\/index.php\/wp-json\/wp\/v2\/comments?post=41"}],"version-history":[{"count":16,"href":"https:\/\/www.samariterbreitenbach.ch\/index.php\/wp-json\/wp\/v2\/pages\/41\/revisions"}],"predecessor-version":[{"id":983,"href":"https:\/\/www.samariterbreitenbach.ch\/index.php\/wp-json\/wp\/v2\/pages\/41\/revisions\/983"}],"wp:attachment":[{"href":"https:\/\/www.samariterbreitenbach.ch\/index.php\/wp-json\/wp\/v2\/media?parent=41"}],"curies":[{"name":"wp","href":"https:\/\/api.w.org\/{rel}","templated":true}]}}