{"id":146,"date":"2022-12-16T21:49:20","date_gmt":"2022-12-16T21:49:20","guid":{"rendered":"https:\/\/www.samariterbreitenbach.ch\/?page_id=146"},"modified":"2026-01-25T15:18:24","modified_gmt":"2026-01-25T15:18:24","slug":"bls-aed-src-komplett","status":"publish","type":"page","link":"https:\/\/www.samariterbreitenbach.ch\/index.php\/bls-aed-src-komplett\/","title":{"rendered":"BLS-AED-SRC Komplett"},"content":{"rendered":"<p>[et_pb_section fb_built=&#8220;1&#8243; _builder_version=&#8220;4.18.0&#8243; _module_preset=&#8220;default&#8220; global_colors_info=&#8220;{}&#8220;][et_pb_row admin_label=&#8220;Titel&#8220; _builder_version=&#8220;4.18.0&#8243; _module_preset=&#8220;default&#8220; global_colors_info=&#8220;{}&#8220;][et_pb_column type=&#8220;4_4&#8243; _builder_version=&#8220;4.18.0&#8243; _module_preset=&#8220;default&#8220; global_colors_info=&#8220;{}&#8220;][et_pb_text _builder_version=&#8220;4.18.0&#8243; _module_preset=&#8220;default&#8220; text_text_color=&#8220;#000000&#8243; header_font=&#8220;Acme||||||||&#8220; header_text_color=&#8220;#000000&#8243; custom_margin=&#8220;||20px||false|false&#8220; inline_fonts=&#8220;Abel&#8220; global_colors_info=&#8220;{}&#8220;]<\/p>\n<h1><strong>BLS-AED-SRC Komplett\u00a0 <\/strong><span style=\"font-size: x-large;\">(Herzmassage und Defibrillation)<\/span><strong><br \/><\/strong><\/h1>\n<p>[\/et_pb_text][et_pb_image src=&#8220;https:\/\/www.samariterbreitenbach.ch\/wp-content\/uploads\/2024\/01\/BLS-AED-SRC-komplett_gespiegelt_0.jpg&#8220; title_text=&#8220;BLS-AED-SRC komplett_gespiegelt_0&#8243; _builder_version=&#8220;4.18.0&#8243; _module_preset=&#8220;default&#8220; global_colors_info=&#8220;{}&#8220;][\/et_pb_image][et_pb_text _builder_version=&#8220;4.18.0&#8243; _module_preset=&#8220;default&#8220; text_font=&#8220;Montserrat||||||||&#8220; header_font=&#8220;|700|||||||&#8220; header_2_font_size=&#8220;20px&#8220; global_colors_info=&#8220;{}&#8220;]<\/p>\n<h2><strong>Der Komplettkurs f\u00fcr die grundlegenden Massnahmen der Wiederbelebung<\/strong><\/h2>\n<p>Im Kurs BLS-AED-SRC Komplett erlernen Sie die wichtigsten lebensrettenden Massnahmen zur Wiederbelebung und deren Vertiefung und Anwendung bei Erwachsenen und Kindern in unterschiedlichen Situationen.<\/p>\n<p>[\/et_pb_text][\/et_pb_column][\/et_pb_row][et_pb_row column_structure=&#8220;1_2,1_2&#8243; _builder_version=&#8220;4.18.0&#8243; _module_preset=&#8220;default&#8220; min_height=&#8220;247.6px&#8220; global_module=&#8220;546&#8243; global_colors_info=&#8220;{}&#8220;][et_pb_column type=&#8220;1_2&#8243; _builder_version=&#8220;4.18.0&#8243; _module_preset=&#8220;default&#8220; global_colors_info=&#8220;{}&#8220;][et_pb_text _builder_version=&#8220;4.18.0&#8243; _module_preset=&#8220;default&#8220; text_font=&#8220;Montserrat|600|||||||&#8220; background_color=&#8220;#549CA5&#8243; custom_margin=&#8220;|-21px|||false|false&#8220; custom_padding=&#8220;||0px||false|false&#8220; global_colors_info=&#8220;{}&#8220;]<\/p>\n<table style=\"border-collapse: collapse; width: 100%;\" border=\"1\">\n<tbody>\n<tr>\n<td style=\"width: 50%;\"><span style=\"color: #ffffff;\"><strong><span style=\"font-size: large;\">Kursdaten<\/span>:<\/strong><\/span><\/td>\n<td style=\"width: 50%;\"><\/td>\n<\/tr>\n<tr>\n<td style=\"width: 50%;\"><span style=\"color: #ffffff;\">Datum:<\/span><\/td>\n<td style=\"width: 50%;\"><span style=\"color: #ffffff;\">Freitag, 13. M\u00e4rz 2026<br \/><\/span><\/td>\n<\/tr>\n<tr>\n<td style=\"width: 50%;\"><span style=\"color: #ffffff;\">Zeit:<\/span><\/td>\n<td style=\"width: 50%;\"><span style=\"color: #ffffff;\">19:00 &#8211; 22:00 Uhr<br \/><\/span><\/td>\n<\/tr>\n<tr>\n<td style=\"width: 50%;\"><span style=\"color: #ffffff;\">Ort:<\/span><\/td>\n<td style=\"width: 50%;\"><span style=\"color: #ffffff;\">B\u00fcrgersaal, Fehrenstrasse 3, Breitenbach<br \/><\/span><\/td>\n<\/tr>\n<tr>\n<td style=\"width: 50%;\"><span style=\"color: #ffffff;\">Kosten Einzelperson:<\/span><\/td>\n<td style=\"width: 50%;\"><span style=\"color: #ffffff;\">CHF 130.-<\/span><\/td>\n<\/tr>\n<\/tbody>\n<\/table>\n<p><strong>\u00a0<\/strong><\/p>\n<p>[\/et_pb_text][\/et_pb_column][et_pb_column type=&#8220;1_2&#8243; _builder_version=&#8220;4.18.0&#8243; _module_preset=&#8220;default&#8220; global_colors_info=&#8220;{}&#8220;][et_pb_button button_url=&#8220;https:\/\/www.samariterbreitenbach.ch\/wp-content\/uploads\/2025\/06\/2025-BLS-AED-1.pdf&#8220; url_new_window=&#8220;on&#8220; button_text=&#8220;Download Flyer (nicht vorhanden)&#8220; button_alignment=&#8220;left&#8220; disabled_on=&#8220;on|on|on&#8220; _builder_version=&#8220;4.18.0&#8243; _module_preset=&#8220;default&#8220; custom_button=&#8220;on&#8220; button_text_color=&#8220;#FFFFFF&#8220; button_bg_color=&#8220;#E02B20&#8243; hover_enabled=&#8220;0&#8243; global_colors_info=&#8220;{}&#8220; sticky_enabled=&#8220;0&#8243; disabled=&#8220;on&#8220;][\/et_pb_button][et_pb_button url_new_window=&#8220;on&#8220; button_text=&#8220;Download Faltblatt Samariter Schweiz (folgt&#8230;)&#8220; button_alignment=&#8220;left&#8220; _builder_version=&#8220;4.18.0&#8243; _module_preset=&#8220;default&#8220; custom_button=&#8220;on&#8220; button_text_color=&#8220;#FFFFFF&#8220; button_bg_color=&#8220;#E02B20&#8243; hover_enabled=&#8220;0&#8243; global_colors_info=&#8220;{}&#8220; sticky_enabled=&#8220;0&#8243; disabled_on=&#8220;on|on|on&#8220; disabled=&#8220;on&#8220;][\/et_pb_button][et_pb_button button_url=&#8220;https:\/\/www.samariterbreitenbach.ch\/index.php\/kurse\/#kurslokal&#8220; url_new_window=&#8220;on&#8220; button_text=&#8220;Link zum Kurslokal&#8220; button_alignment=&#8220;left&#8220; _builder_version=&#8220;4.18.0&#8243; _module_preset=&#8220;default&#8220; custom_button=&#8220;on&#8220; button_text_color=&#8220;#FFFFFF&#8220; button_bg_color=&#8220;#E02B20&#8243; global_colors_info=&#8220;{}&#8220;][\/et_pb_button][et_pb_button button_url=&#8220;#impbls&#8220; url_new_window=&#8220;on&#8220; button_text=&#8220;Impressionen vom Kurs&#8220; button_alignment=&#8220;left&#8220; _builder_version=&#8220;4.18.0&#8243; _module_preset=&#8220;default&#8220; custom_button=&#8220;on&#8220; button_text_color=&#8220;#FFFFFF&#8220; button_bg_color=&#8220;#E02B20&#8243; global_colors_info=&#8220;{}&#8220;][\/et_pb_button][\/et_pb_column][\/et_pb_row][et_pb_row admin_label=&#8220;Anmeldung Kurse&#8220; _builder_version=&#8220;4.18.0&#8243; _module_preset=&#8220;default&#8220; global_colors_info=&#8220;{}&#8220;][et_pb_column type=&#8220;4_4&#8243; _builder_version=&#8220;4.18.0&#8243; _module_preset=&#8220;default&#8220; global_colors_info=&#8220;{}&#8220;][et_pb_text _builder_version=&#8220;4.18.0&#8243; _module_preset=&#8220;default&#8220; header_6_font=&#8220;|700|||||||&#8220; header_6_text_align=&#8220;center&#8220; header_6_font_size=&#8220;20px&#8220; text_orientation=&#8220;center&#8220; global_colors_info=&#8220;{}&#8220;]<\/p>\n<h6>Anmeldung:<\/h6>\n<p>Tel. +41 79 606 15 80<br \/>oder<br \/><a href=\"mailto:kursleitung@samariterbreitenbach.ch\">kursleitung@samariterbreitenbach.ch<\/a><\/p>\n<p>&nbsp;<\/p>\n<p>[\/et_pb_text][\/et_pb_column][\/et_pb_row][et_pb_row _builder_version=&#8220;4.18.0&#8243; _module_preset=&#8220;default&#8220; global_colors_info=&#8220;{}&#8220;][et_pb_column type=&#8220;4_4&#8243; _builder_version=&#8220;4.18.0&#8243; _module_preset=&#8220;default&#8220; global_colors_info=&#8220;{}&#8220;][et_pb_text _builder_version=&#8220;4.18.0&#8243; _module_preset=&#8220;default&#8220; text_font=&#8220;Montserrat||||||||&#8220; min_height=&#8220;48px&#8220; global_module=&#8220;559&#8243; saved_tabs=&#8220;all&#8220; global_colors_info=&#8220;{}&#8220;]<\/p>\n<h2><strong><span style=\"color: #ff0000;\">AED-BLS-SRC-Komplettkurs<\/span><\/strong><\/h2>\n<h2><strong><span style=\"color: #ff0000;\">\u00a0<\/span><\/strong><\/h2>\n<p>[\/et_pb_text][et_pb_text _builder_version=&#8220;4.18.0&#8243; _module_preset=&#8220;default&#8220; text_font=&#8220;Montserrat||||||||&#8220; header_font=&#8220;|700|||||||&#8220; header_2_font_size=&#8220;20px&#8220; global_colors_info=&#8220;{}&#8220;]<\/p>\n<h2><strong>Der Komplettkurs f\u00fcr die grundlegenden Massnahmen der Wiederbelebung<\/strong><\/h2>\n<p>Im Kurs BLS-AED-SRC Komplett erlernen Sie die wichtigsten lebensrettenden Massnahmen zur Wiederbelebung und deren Vertiefung und Anwendung bei Erwachsenen und Kindern in unterschiedlichen Situationen.<\/p>\n<p>[\/et_pb_text][\/et_pb_column][\/et_pb_row][et_pb_row _builder_version=&#8220;4.18.0&#8243; _module_preset=&#8220;default&#8220; background_color=&#8220;#BAD7DB&#8220; global_colors_info=&#8220;{}&#8220;][et_pb_column type=&#8220;4_4&#8243; _builder_version=&#8220;4.18.0&#8243; _module_preset=&#8220;default&#8220; global_colors_info=&#8220;{}&#8220;][et_pb_text _builder_version=&#8220;4.18.0&#8243; _module_preset=&#8220;default&#8220; text_font=&#8220;Montserrat||||||||&#8220; header_font=&#8220;|700|||||||&#8220; header_2_font_size=&#8220;20px&#8220; custom_margin=&#8220;|15px||15px|false|false&#8220; global_colors_info=&#8220;{}&#8220;]<\/p>\n<h2><strong>Kurs-Inhalt<\/strong><\/h2>\n<p>Auf abwechslungsreiche und spielerische Weise trainieren Sie in realistisch nachgestellten Szenen die BLS-AED-Massnahmen bei einem Herzkeislaufstillstand (BLS = Basic Life Support) bei Erwachsenen und Kindern sowie die Anwendung des AED-Ger\u00e4tes (AED = Automatischer externer Defibrilator). Der Kurs beinhaltet unter anderem folgende Themen:<\/p>\n<ul>\n<li>Erkennen und Beurteilen von Notfallsituationen inkl. Herzinfarkt und Schlaganfall<\/li>\n<li>Probleml\u00f6sung in Notfallsituationen<\/li>\n<li>Bewustlosenlagerung<\/li>\n<li>Handlungsablauf gem\u00e4ss &lt;Algorithmus BLS-AED-SRC 2021&gt;<\/li>\n<li>Grunsfertigkeiten-Training (Erstbeurteilung, Herzdruckmassage, Beatmung, Defibrilator mittels AED bei Erwachsenen und Kindern)<\/li>\n<\/ul>\n<p>Der Unterricht vermittelt auf einfache Art viel praktisches Wissen und basiert auf den Richtlinien f\u00fcr Erste Hilfe.<\/p>\n<p>&nbsp;<\/p>\n<h2><strong>Zielgruppe<\/strong><\/h2>\n<p>Interessierte Personen an 12 Jahren, die sich das Basis-Wissen f\u00fcr wiederbelebende Massnahmen aneignen m\u00f6chten oder aus beruflichen Gr\u00fcnden m\u00fcssen (zum Beispiel First-Responder, Betriebssanit\u00e4ter, Polizisten, Bademeister, Fitnessinstruktoren, Feuerwehrangeh\u00f6rige aber auch Angeh\u00f6rige von Herzpatienten.<\/p>\n<p>&nbsp;<\/p>\n<h2><strong>Voraussetzungen<\/strong><\/h2>\n<p>Keine<\/p>\n<p>&nbsp;<\/p>\n<h2><strong>Dauer<\/strong><\/h2>\n<p>3 Stunden<\/p>\n<p><strong><\/strong><\/p>\n<h2><strong><\/strong><\/h2>\n<h2><strong>Zertifikat<\/strong><\/h2>\n<p>Nach Abschluss des Kurses erhalten Sie das Kurs-Zertifikat &lt;SRC-BLS-AED Komplett&gt;\u00a0 (g\u00fclzig 2 Jahre).<\/p>\n<p><strong><\/strong><\/p>\n<p>[\/et_pb_text][\/et_pb_column][\/et_pb_row][et_pb_row _builder_version=&#8220;4.18.0&#8243; _module_preset=&#8220;default&#8220; global_colors_info=&#8220;{}&#8220;][et_pb_column type=&#8220;4_4&#8243; _builder_version=&#8220;4.18.0&#8243; _module_preset=&#8220;default&#8220; global_colors_info=&#8220;{}&#8220;][et_pb_divider _builder_version=&#8220;4.18.0&#8243; _module_preset=&#8220;default&#8220; global_colors_info=&#8220;{}&#8220;][\/et_pb_divider][\/et_pb_column][\/et_pb_row][et_pb_row module_id=&#8220;impbls&#8220; _builder_version=&#8220;4.18.0&#8243; _module_preset=&#8220;default&#8220; global_colors_info=&#8220;{}&#8220;][et_pb_column type=&#8220;4_4&#8243; _builder_version=&#8220;4.18.0&#8243; _module_preset=&#8220;default&#8220; global_colors_info=&#8220;{}&#8220;][et_pb_text module_id=&#8220;impbls&#8220; _builder_version=&#8220;4.18.0&#8243; _module_preset=&#8220;default&#8220; text_font=&#8220;Montserrat||||||||&#8220; custom_padding=&#8220;||0px|||&#8220; global_colors_info=&#8220;{}&#8220;]<\/p>\n<h2><strong>Impressionen vom Kurs<\/strong><\/h2>\n<p>[\/et_pb_text][\/et_pb_column][\/et_pb_row][et_pb_row _builder_version=&#8220;4.18.0&#8243; _module_preset=&#8220;default&#8220; global_colors_info=&#8220;{}&#8220;][et_pb_column type=&#8220;4_4&#8243; _builder_version=&#8220;4.18.0&#8243; _module_preset=&#8220;default&#8220; global_colors_info=&#8220;{}&#8220;][et_pb_text _builder_version=&#8220;4.18.0&#8243; _module_preset=&#8220;default&#8220; text_font=&#8220;Montserrat||||||||&#8220; text_font_size=&#8220;17px&#8220; global_colors_info=&#8220;{}&#8220;]<\/p>\n<p><strong><em>Erfolgreicher BLS-AED-Kurs bei den Samaritern Breitenbach<\/em><\/strong><\/p>\n<p><em>Am vergangenen Samstag fand im Kurslokal der Samariter Breitenbach und Umgebung ein spannender BLS-AED-Kurs statt. Sechs engagierte Teilnehmer\/-innen setzen sich vertieft mit lebensrettenden Sofortmassnahmen auseinander. Unter der fachkundigen Anleitung der Kursleiterinnen Brigitte Ankli und Corinne Mark \u00fcbten die Teilnehmenden die Herz Lungen-Wiederbelebung (BLS) und den Einsatz eines Automatisierten Externen Defibrillators (AED). Auf dem Programm standen auch Themen wie die stabile Seitenlage, das raschen Handeln bei Schlaganfall sowie die Nothilfe bei einer Verlegung der Atemwege. Besonders beeindruckt zeigte sich die Gruppe vom praktischen Training mit \u00dcbungspuppen, bei dem alle Teilnehmenden die M\u00f6glichkeit hatten, das Erlernte direkt anzuwenden.<\/em><\/p>\n<p><em>Beeindruckend war der Einsatz der j\u00fcngsten Teilnehmerin, die mit ihren 12 Jahren bereits mit grossem Eifer und Engagement bei der Sache war. Auch die \u00e4lteren Teilnehmenden zeigten sich motiviert und lernten neue Techniken, um im Ernstfall schnell und sicher handeln zu k\u00f6nnen. \u201eEs ist wichtig, dass Menschen jeden Alters wissen, wie sie in Notf\u00e4llen handeln m\u00fcssen\u201c, betonte eine der Ausbilderinnen. \u201eGerade in l\u00e4ndlichen Gebieten, wie hier in Breitenbach, kann es entscheidend sein, bis zum Eintreffen der Rettungskr\u00e4fte die Erstversorgung zu \u00fcbernehmen\u201c.<\/em><\/p>\n<p>[\/et_pb_text][\/et_pb_column][\/et_pb_row][et_pb_row column_structure=&#8220;2_5,3_5&#8243; _builder_version=&#8220;4.18.0&#8243; _module_preset=&#8220;default&#8220; global_colors_info=&#8220;{}&#8220;][et_pb_column type=&#8220;2_5&#8243; _builder_version=&#8220;4.18.0&#8243; _module_preset=&#8220;default&#8220; global_colors_info=&#8220;{}&#8220;][et_pb_image src=&#8220;data:image\/svg+xml;base64,PHN2ZyB3aWR0aD0iMTA4MCIgaGVpZ2h0PSI1NDAiIHZpZXdCb3g9IjAgMCAxMDgwIDU0MCIgeG1sbnM9Imh0dHA6Ly93d3cudzMub3JnLzIwMDAvc3ZnIj4KICAgIDxnIGZpbGw9Im5vbmUiIGZpbGwtcnVsZT0iZXZlbm9kZCI+CiAgICAgICAgPHBhdGggZmlsbD0iI0VCRUJFQiIgZD0iTTAgMGgxMDgwdjU0MEgweiIvPgogICAgICAgIDxwYXRoIGQ9Ik00NDUuNjQ5IDU0MGgtOTguOTk1TDE0NC42NDkgMzM3Ljk5NSAwIDQ4Mi42NDR2LTk4Ljk5NWwxMTYuMzY1LTExNi4zNjVjMTUuNjItMTUuNjIgNDAuOTQ3LTE1LjYyIDU2LjU2OCAwTDQ0NS42NSA1NDB6IiBmaWxsLW9wYWNpdHk9Ii4xIiBmaWxsPSIjMDAwIiBmaWxsLXJ1bGU9Im5vbnplcm8iLz4KICAgICAgICA8Y2lyY2xlIGZpbGwtb3BhY2l0eT0iLjA1IiBmaWxsPSIjMDAwIiBjeD0iMzMxIiBjeT0iMTQ4IiByPSI3MCIvPgogICAgICAgIDxwYXRoIGQ9Ik0xMDgwIDM3OXYxMTMuMTM3TDcyOC4xNjIgMTQwLjMgMzI4LjQ2MiA1NDBIMjE1LjMyNEw2OTkuODc4IDU1LjQ0NmMxNS42Mi0xNS42MiA0MC45NDgtMTUuNjIgNTYuNTY4IDBMMTA4MCAzNzl6IiBmaWxsLW9wYWNpdHk9Ii4yIiBmaWxsPSIjMDAwIiBmaWxsLXJ1bGU9Im5vbnplcm8iLz4KICAgIDwvZz4KPC9zdmc+Cg==&#8220; _builder_version=&#8220;4.18.0&#8243; _module_preset=&#8220;default&#8220; global_colors_info=&#8220;{}&#8220;][\/et_pb_image][et_pb_text _builder_version=&#8220;4.18.0&#8243; _module_preset=&#8220;default&#8220; text_font=&#8220;Montserrat||||||||&#8220; global_colors_info=&#8220;{}&#8220;]<\/p>\n<p>Kursleiterin:<br \/><strong>Brigitte Anklin<\/strong><\/p>\n<p>[\/et_pb_text][\/et_pb_column][et_pb_column type=&#8220;3_5&#8243; _builder_version=&#8220;4.18.0&#8243; _module_preset=&#8220;default&#8220; global_colors_info=&#8220;{}&#8220;][et_pb_gallery gallery_ids=&#8220;810,811&#8243; _builder_version=&#8220;4.18.0&#8243; _module_preset=&#8220;default&#8220; global_colors_info=&#8220;{}&#8220;][\/et_pb_gallery][\/et_pb_column][\/et_pb_row][et_pb_row column_structure=&#8220;2_5,3_5&#8243; disabled_on=&#8220;on|on|on&#8220; _builder_version=&#8220;4.18.0&#8243; _module_preset=&#8220;default&#8220; disabled=&#8220;on&#8220; global_colors_info=&#8220;{}&#8220;][et_pb_column type=&#8220;2_5&#8243; _builder_version=&#8220;4.18.0&#8243; _module_preset=&#8220;default&#8220; global_colors_info=&#8220;{}&#8220;][et_pb_image src=&#8220;data:image\/svg+xml;base64,PHN2ZyB3aWR0aD0iMTA4MCIgaGVpZ2h0PSI1NDAiIHZpZXdCb3g9IjAgMCAxMDgwIDU0MCIgeG1sbnM9Imh0dHA6Ly93d3cudzMub3JnLzIwMDAvc3ZnIj4KICAgIDxnIGZpbGw9Im5vbmUiIGZpbGwtcnVsZT0iZXZlbm9kZCI+CiAgICAgICAgPHBhdGggZmlsbD0iI0VCRUJFQiIgZD0iTTAgMGgxMDgwdjU0MEgweiIvPgogICAgICAgIDxwYXRoIGQ9Ik00NDUuNjQ5IDU0MGgtOTguOTk1TDE0NC42NDkgMzM3Ljk5NSAwIDQ4Mi42NDR2LTk4Ljk5NWwxMTYuMzY1LTExNi4zNjVjMTUuNjItMTUuNjIgNDAuOTQ3LTE1LjYyIDU2LjU2OCAwTDQ0NS42NSA1NDB6IiBmaWxsLW9wYWNpdHk9Ii4xIiBmaWxsPSIjMDAwIiBmaWxsLXJ1bGU9Im5vbnplcm8iLz4KICAgICAgICA8Y2lyY2xlIGZpbGwtb3BhY2l0eT0iLjA1IiBmaWxsPSIjMDAwIiBjeD0iMzMxIiBjeT0iMTQ4IiByPSI3MCIvPgogICAgICAgIDxwYXRoIGQ9Ik0xMDgwIDM3OXYxMTMuMTM3TDcyOC4xNjIgMTQwLjMgMzI4LjQ2MiA1NDBIMjE1LjMyNEw2OTkuODc4IDU1LjQ0NmMxNS42Mi0xNS42MiA0MC45NDgtMTUuNjIgNTYuNTY4IDBMMTA4MCAzNzl6IiBmaWxsLW9wYWNpdHk9Ii4yIiBmaWxsPSIjMDAwIiBmaWxsLXJ1bGU9Im5vbnplcm8iLz4KICAgIDwvZz4KPC9zdmc+Cg==&#8220; _builder_version=&#8220;4.18.0&#8243; _module_preset=&#8220;default&#8220; global_colors_info=&#8220;{}&#8220;][\/et_pb_image][et_pb_text _builder_version=&#8220;4.18.0&#8243; _module_preset=&#8220;default&#8220; text_font=&#8220;Montserrat||||||||&#8220; global_colors_info=&#8220;{}&#8220;]<\/p>\n<p>Kursleiterin:<br \/><strong>Brigitte Anklin<\/strong><\/p>\n<p>[\/et_pb_text][\/et_pb_column][et_pb_column type=&#8220;3_5&#8243; _builder_version=&#8220;4.18.0&#8243; _module_preset=&#8220;default&#8220; global_colors_info=&#8220;{}&#8220;][et_pb_gallery gallery_ids=&#8220;668,670,671,672,673&#8243; _builder_version=&#8220;4.18.0&#8243; _module_preset=&#8220;default&#8220; global_colors_info=&#8220;{}&#8220;][\/et_pb_gallery][\/et_pb_column][\/et_pb_row][et_pb_row _builder_version=&#8220;4.18.0&#8243; _module_preset=&#8220;default&#8220; global_colors_info=&#8220;{}&#8220;][et_pb_column type=&#8220;4_4&#8243; _builder_version=&#8220;4.18.0&#8243; _module_preset=&#8220;default&#8220; global_colors_info=&#8220;{}&#8220;][et_pb_divider _builder_version=&#8220;4.18.0&#8243; _module_preset=&#8220;default&#8220; global_colors_info=&#8220;{}&#8220;][\/et_pb_divider][\/et_pb_column][\/et_pb_row][\/et_pb_section]<\/p>\n","protected":false},"excerpt":{"rendered":"<p>BLS-AED-SRC Komplett\u00a0 (Herzmassage und Defibrillation)Der Komplettkurs f\u00fcr die grundlegenden Massnahmen der Wiederbelebung Im Kurs BLS-AED-SRC Komplett erlernen Sie die wichtigsten lebensrettenden Massnahmen zur Wiederbelebung und deren Vertiefung und Anwendung bei Erwachsenen und Kindern in unterschiedlichen Situationen. Kursdaten: Datum: Freitag, 13. M\u00e4rz 2026 Zeit: 19:00 &#8211; 22:00 Uhr Ort: B\u00fcrgersaal, Fehrenstrasse 3, Breitenbach Kosten Einzelperson: CHF [&hellip;]<\/p>\n","protected":false},"author":1,"featured_media":0,"parent":0,"menu_order":0,"comment_status":"closed","ping_status":"closed","template":"","meta":{"_et_pb_use_builder":"on","_et_pb_old_content":"","_et_gb_content_width":"","footnotes":""},"class_list":["post-146","page","type-page","status-publish","hentry"],"_links":{"self":[{"href":"https:\/\/www.samariterbreitenbach.ch\/index.php\/wp-json\/wp\/v2\/pages\/146","targetHints":{"allow":["GET"]}}],"collection":[{"href":"https:\/\/www.samariterbreitenbach.ch\/index.php\/wp-json\/wp\/v2\/pages"}],"about":[{"href":"https:\/\/www.samariterbreitenbach.ch\/index.php\/wp-json\/wp\/v2\/types\/page"}],"author":[{"embeddable":true,"href":"https:\/\/www.samariterbreitenbach.ch\/index.php\/wp-json\/wp\/v2\/users\/1"}],"replies":[{"embeddable":true,"href":"https:\/\/www.samariterbreitenbach.ch\/index.php\/wp-json\/wp\/v2\/comments?post=146"}],"version-history":[{"count":55,"href":"https:\/\/www.samariterbreitenbach.ch\/index.php\/wp-json\/wp\/v2\/pages\/146\/revisions"}],"predecessor-version":[{"id":1068,"href":"https:\/\/www.samariterbreitenbach.ch\/index.php\/wp-json\/wp\/v2\/pages\/146\/revisions\/1068"}],"wp:attachment":[{"href":"https:\/\/www.samariterbreitenbach.ch\/index.php\/wp-json\/wp\/v2\/media?parent=146"}],"curies":[{"name":"wp","href":"https:\/\/api.w.org\/{rel}","templated":true}]}}